{"id":423,"date":"2023-03-14T12:33:24","date_gmt":"2023-03-14T12:33:24","guid":{"rendered":"https:\/\/www.redel-stiftung.com\/?page_id=423"},"modified":"2024-12-18T16:27:39","modified_gmt":"2024-12-18T16:27:39","slug":"kontakt","status":"publish","type":"page","link":"https:\/\/www.redel-stiftung.com\/de\/kontakt\/","title":{"rendered":"Kontakt"},"content":{"rendered":"\n<style type=\"text\/css\" data-created_by=\"avia_inline_auto\" id=\"style-css-av-leo4q7eb-f5be22af248502a2a404e549c3c69ec9\">\n.avia-section.av-leo4q7eb-f5be22af248502a2a404e549c3c69ec9{\nbackground-color:#efeff2;\nbackground-image:unset;\nmargin-top:0;\nmargin-bottom:0;\n}\n<\/style>\n<div id='av_section_1'  class='avia-section av-leo4q7eb-f5be22af248502a2a404e549c3c69ec9 main_color avia-section-no-padding avia-no-border-styling  avia-builder-el-0  el_before_av_section  avia-builder-el-first  landing-header avia-bg-style-scroll container_wrap sidebar_right'  ><div class='container av-section-cont-open' ><main  role=\"main\" itemprop=\"mainContentOfPage\"  class='template-page content  av-content-small alpha units'><div class='post-entry post-entry-type-page post-entry-423'><div class='entry-content-wrapper clearfix'>\n\n<style type=\"text\/css\" data-created_by=\"avia_inline_auto\" id=\"style-css-av-lf78a5qn-f8f52fb872ebb08ed25307d51431fb5d\">\n#top .flex_column.av-lf78a5qn-f8f52fb872ebb08ed25307d51431fb5d{\nmargin-top:0px;\nmargin-bottom:0px;\n}\n.flex_column.av-lf78a5qn-f8f52fb872ebb08ed25307d51431fb5d{\npadding:50px 0 0 0;\n}\n.responsive #top #wrap_all .flex_column.av-lf78a5qn-f8f52fb872ebb08ed25307d51431fb5d{\nmargin-top:0px;\nmargin-bottom:0px;\n}\n<\/style>\n<div  class='flex_column av-lf78a5qn-f8f52fb872ebb08ed25307d51431fb5d av_one_full  avia-builder-el-1  el_before_av_one_half  avia-builder-el-first  first no_margin flex_column_div  '     ><style type=\"text\/css\" data-created_by=\"avia_inline_auto\" id=\"style-css-av-lf78fkqb-e4869a5a425dbf31f1432081b24062ef\">\n#top .hr.hr-invisible.av-lf78fkqb-e4869a5a425dbf31f1432081b24062ef{\nheight:60px;\n}\n<\/style>\n<div  class='hr av-lf78fkqb-e4869a5a425dbf31f1432081b24062ef hr-invisible  avia-builder-el-2  avia-builder-el-no-sibling  av-small-hide av-mini-hide'><span class='hr-inner '><span class=\"hr-inner-style\"><\/span><\/span><\/div><\/div><div class='flex_column_table av-2lfll-2fa70cfb87a009829ece3ab33d72b896 sc-av_one_half av-equal-height-column-flextable'>\n<style type=\"text\/css\" data-created_by=\"avia_inline_auto\" id=\"style-css-av-2lfll-2fa70cfb87a009829ece3ab33d72b896\">\n#top .flex_column_table.av-equal-height-column-flextable.av-2lfll-2fa70cfb87a009829ece3ab33d72b896{\nmargin-top:0px;\nmargin-bottom:0px;\n}\n<\/style>\n<div  class='flex_column av-2lfll-2fa70cfb87a009829ece3ab33d72b896 av_one_half  avia-builder-el-3  el_after_av_one_full  el_before_av_one_half  text-col first flex_column_table_cell av-equal-height-column av-align-bottom  column-top-margin'     ><section  class='av_textblock_section av-leo4r2wr-208d7d6b78e8bcc498f4aef848b7515b '   itemscope=\"itemscope\" itemtype=\"https:\/\/schema.org\/CreativeWork\" ><div class='avia_textblock'  itemprop=\"text\" ><h1>Kontakt<\/h1>\n<\/div><\/section><\/div><div class='av-flex-placeholder'><\/div>\n<style type=\"text\/css\" data-created_by=\"avia_inline_auto\" id=\"style-css-av-24slp-fc7ff7c9a61af5347867591b2636681b\">\n#top .flex_column_table.av-equal-height-column-flextable.av-24slp-fc7ff7c9a61af5347867591b2636681b{\nmargin-top:0px;\nmargin-bottom:0px;\n}\n<\/style>\n<div  class='flex_column av-24slp-fc7ff7c9a61af5347867591b2636681b av_one_half  avia-builder-el-5  el_after_av_one_half  avia-builder-el-last  image-col flex_column_table_cell av-equal-height-column av-align-bottom  column-top-margin'     ><style type=\"text\/css\" data-created_by=\"avia_inline_auto\" id=\"style-css-av-1d5gp-ecca44288e15ac71f2baee2b7d9baa27\">\n.avia-image-container.av-1d5gp-ecca44288e15ac71f2baee2b7d9baa27 img.avia_image{\nbox-shadow:none;\n}\n.avia-image-container.av-1d5gp-ecca44288e15ac71f2baee2b7d9baa27 .av-image-caption-overlay-center{\ncolor:#ffffff;\n}\n<\/style>\n<div  class='avia-image-container av-1d5gp-ecca44288e15ac71f2baee2b7d9baa27 av-styling-no-styling avia-align-center  avia-builder-el-6  avia-builder-el-no-sibling '   itemprop=\"image\" itemscope=\"itemscope\" itemtype=\"https:\/\/schema.org\/ImageObject\" ><div class=\"avia-image-container-inner\"><div class=\"avia-image-overlay-wrap\"><img decoding=\"async\" class='wp-image-171 avia-img-lazy-loading-not-171 avia_image ' src=\"https:\/\/www.redel-stiftung.com\/wp-content\/uploads\/2023\/03\/foerderung-landing-img-cropped-1500x810.png\" alt='' title='foerderung-landing-img-cropped'  height=\"810\" width=\"1500\"  itemprop=\"thumbnailUrl\" srcset=\"https:\/\/www.redel-stiftung.com\/wp-content\/uploads\/2023\/03\/foerderung-landing-img-cropped-1500x810.png 1500w, https:\/\/www.redel-stiftung.com\/wp-content\/uploads\/2023\/03\/foerderung-landing-img-cropped-300x162.png 300w, https:\/\/www.redel-stiftung.com\/wp-content\/uploads\/2023\/03\/foerderung-landing-img-cropped-1030x556.png 1030w, https:\/\/www.redel-stiftung.com\/wp-content\/uploads\/2023\/03\/foerderung-landing-img-cropped-768x415.png 768w, https:\/\/www.redel-stiftung.com\/wp-content\/uploads\/2023\/03\/foerderung-landing-img-cropped-1536x830.png 1536w, https:\/\/www.redel-stiftung.com\/wp-content\/uploads\/2023\/03\/foerderung-landing-img-cropped-2048x1106.png 2048w, https:\/\/www.redel-stiftung.com\/wp-content\/uploads\/2023\/03\/foerderung-landing-img-cropped-705x381.png 705w\" sizes=\"(max-width: 1500px) 100vw, 1500px\" \/><\/div><\/div><\/div><\/div><\/div><!--close column table wrapper. Autoclose: 1 -->\n\n<\/div><\/div><\/main><!-- close content main element --><\/div><\/div>\n<style type=\"text\/css\" data-created_by=\"avia_inline_auto\" id=\"style-css-av-lf70hy0e-5f731f76b3bd5e07e5e745a7d0c7f172\">\n.avia-section.av-lf70hy0e-5f731f76b3bd5e07e5e745a7d0c7f172{\nbackground-color:#053161;\nbackground-image:unset;\n}\n<\/style>\n<div id='av_section_2'  class='avia-section av-lf70hy0e-5f731f76b3bd5e07e5e745a7d0c7f172 main_color avia-section-default avia-no-border-styling  avia-builder-el-7  el_after_av_section  el_before_av_section  blue-banner avia-bg-style-scroll container_wrap sidebar_right'  ><div class='container av-section-cont-open' ><div class='template-page content  av-content-small alpha units'><div class='post-entry post-entry-type-page post-entry-423'><div class='entry-content-wrapper clearfix'>\n\n<style type=\"text\/css\" data-created_by=\"avia_inline_auto\" id=\"style-css-av-lf70ir8a-23a647ebb5864add1d28255fbd745271\">\n#top .av_textblock_section.av-lf70ir8a-23a647ebb5864add1d28255fbd745271 .avia_textblock{\ncolor:#ffffff;\n}\n<\/style>\n<section  class='av_textblock_section av-lf70ir8a-23a647ebb5864add1d28255fbd745271 '   itemscope=\"itemscope\" itemtype=\"https:\/\/schema.org\/CreativeWork\" ><div class='avia_textblock av_inherit_color'  itemprop=\"text\" ><p>Herzlich willkommen bei der Redel Stiftung! Wir freuen uns \u00fcber jeden Besuch und m\u00f6chten Sie ermutigen, uns Ihre Anregungen, Ideen und auch Kritik mitzuteilen. Wir sind stets offen f\u00fcr Feedback und unterst\u00fctzen Sie gerne bei Fragen oder wenn Sie sich dazu entschlie\u00dfen m\u00f6chten, unsere Stiftung zu unterst\u00fctzen. Z\u00f6gern Sie nicht, uns zu kontaktieren \u2013 wir sind f\u00fcr Sie da!<\/p>\n<\/div><\/section>\n\n<\/div><\/div><\/div><!-- close content main div --><\/div><\/div><div id='av_section_3'  class='avia-section av-p6orb-2e2466ef570e8198a73122a971c9bdef main_color avia-section-no-padding avia-no-border-styling  avia-builder-el-9  el_after_av_section  el_before_av_section  standard-wrapper avia-bg-style-scroll container_wrap sidebar_right'  ><div class='container av-section-cont-open' ><div class='template-page content  av-content-small alpha units'><div class='post-entry post-entry-type-page post-entry-423'><div class='entry-content-wrapper clearfix'>\n\n<style type=\"text\/css\" data-created_by=\"avia_inline_auto\" id=\"style-css-av-j0j2n-e00c15a8bdcd8aac69fc1ff3f656f393\">\n#top .flex_column.av-j0j2n-e00c15a8bdcd8aac69fc1ff3f656f393{\nmargin-top:0px;\nmargin-bottom:0px;\n}\n.responsive #top #wrap_all .flex_column.av-j0j2n-e00c15a8bdcd8aac69fc1ff3f656f393{\nmargin-top:0px;\nmargin-bottom:0px;\n}\n<\/style>\n<div  class='flex_column av-j0j2n-e00c15a8bdcd8aac69fc1ff3f656f393 av_one_full  avia-builder-el-10  el_before_av_one_fourth  avia-builder-el-first  first no_margin flex_column_div  '     ><section  class='av_textblock_section av-lf8eobbh-eadd45a9758d4d9b60efc9f2188cff5b '   itemscope=\"itemscope\" itemtype=\"https:\/\/schema.org\/CreativeWork\" ><div class='avia_textblock'  itemprop=\"text\" ><h2 style=\"margin: 0;\">So erreichen Sie uns<\/h2>\n<\/div><\/section><br \/>\n\n<style type=\"text\/css\" data-created_by=\"avia_inline_auto\" id=\"style-css-av-lf8f13ez-8431f27c78d8a0782e5e8cd424ea3039\">\n#top .hr.hr-invisible.av-lf8f13ez-8431f27c78d8a0782e5e8cd424ea3039{\nheight:20px;\n}\n<\/style>\n<div  class='hr av-lf8f13ez-8431f27c78d8a0782e5e8cd424ea3039 hr-invisible  avia-builder-el-12  el_after_av_textblock  avia-builder-el-last  av-desktop-hide av-medium-hide'><span class='hr-inner '><span class=\"hr-inner-style\"><\/span><\/span><\/div><\/p><\/div><div  class='flex_column av-88ua7-2e5da3ab4fc5e1e5a4ed78c26fc3705c av_one_fourth  avia-builder-el-13  el_after_av_one_full  el_before_av_one_fourth  first flex_column_div  column-top-margin'     ><section  class='av_textblock_section av-lf8eqxiq-c935e5a3f0d0f405e6489b6bd29c982a '   itemscope=\"itemscope\" itemtype=\"https:\/\/schema.org\/CreativeWork\" ><div class='avia_textblock'  itemprop=\"text\" ><p><strong>Hausadresse:<\/strong><\/p>\n<p>Redel Stiftung<br \/>\nFlugstra\u00dfe 11<br \/>\n76532 Baden-Baden<\/p>\n<\/div><\/section><\/div><div  class='flex_column av-lf8ergys-aaf8fef85a1748f966797a14480fc657 av_one_fourth  avia-builder-el-15  el_after_av_one_fourth  avia-builder-el-last  flex_column_div  column-top-margin'     ><section  class='av_textblock_section av-lf8eq8fd-8ae5ba82612ac38d58dab2327f233290 '   itemscope=\"itemscope\" itemtype=\"https:\/\/schema.org\/CreativeWork\" ><div class='avia_textblock'  itemprop=\"text\" ><p><strong>Direkter Kontakt:<\/strong><\/p>\n<p>Telefon: 07221 9540-0<br \/>\n<a style=\"font-weight: normal;\" href=\"mailto:info@redel-stiftung.de\">info@redel-stiftung.de<\/a><\/p>\n<\/div><\/section><\/div><\/div><\/div><\/div><!-- close content main div --><\/div><\/div>\n<style type=\"text\/css\" data-created_by=\"avia_inline_auto\" id=\"style-css-av-287fx-12f12c003fe91b2b702ca1676a6f3e6a\">\n.avia-section.av-287fx-12f12c003fe91b2b702ca1676a6f3e6a{\nbackground-color:#efeff2;\nbackground-image:unset;\n}\n<\/style>\n<div id='av_section_4'  class='avia-section av-287fx-12f12c003fe91b2b702ca1676a6f3e6a main_color avia-section-no-padding avia-no-border-styling  avia-builder-el-17  el_after_av_section  el_before_av_section  standard-wrapper avia-bg-style-scroll container_wrap sidebar_right'  ><div class='container av-section-cont-open' ><div class='template-page content  av-content-small alpha units'><div class='post-entry post-entry-type-page post-entry-423'><div class='entry-content-wrapper clearfix'>\n\n<style type=\"text\/css\" data-created_by=\"avia_inline_auto\" id=\"style-css-av-lf7bt99m-05c7c2fb9eeaff9f30ff21c4961cd987\">\n#top .flex_column.av-lf7bt99m-05c7c2fb9eeaff9f30ff21c4961cd987{\nmargin-top:0px;\nmargin-bottom:0px;\n}\n.responsive #top #wrap_all .flex_column.av-lf7bt99m-05c7c2fb9eeaff9f30ff21c4961cd987{\nmargin-top:0px;\nmargin-bottom:0px;\n}\n<\/style>\n<div  class='flex_column av-lf7bt99m-05c7c2fb9eeaff9f30ff21c4961cd987 av_one_full  avia-builder-el-18  avia-builder-el-no-sibling  first no_margin flex_column_div  '     ><\/div>\n<\/p>\n<\/div><\/div><\/div><!-- close content main div --><\/div><\/div>\n<style type=\"text\/css\" data-created_by=\"avia_inline_auto\" id=\"style-css-av-g3l3g-21abca373554be6149ebae24ba173f74\">\n.avia-section.av-g3l3g-21abca373554be6149ebae24ba173f74{\nbackground-color:#ffffff;\nbackground-image:unset;\n}\n<\/style>\n<div id='av_section_5'  class='avia-section av-g3l3g-21abca373554be6149ebae24ba173f74 main_color avia-section-default avia-no-shadow  avia-builder-el-20  el_after_av_section  avia-builder-el-last  support-cta avia-bg-style-scroll container_wrap sidebar_right'  ><div class='container av-section-cont-open' ><div class='template-page content  av-content-small alpha units'><div class='post-entry post-entry-type-page post-entry-423'><div class='entry-content-wrapper clearfix'>\n<section  class='av_textblock_section av-bq110-30bc24a9bec1fafe9a25705b78d4530c '   itemscope=\"itemscope\" itemtype=\"https:\/\/schema.org\/CreativeWork\" ><div class='avia_textblock'  itemprop=\"text\" ><p style=\"text-align: center;\"><a href=\"https:\/\/www.redel-stiftung.com\/spenden\/\">Unterst\u00fctzen<\/a>\u00a0Sie die Arbeit der Redel Stiftung und werden Teil der guten Sache \u2013 Werden Sie Zustifter!<\/p>\n<\/div><\/section>\n<\/div><\/div><\/div><!-- close content main div --><\/div><\/div><div id='after_section_5'  class='main_color av_default_container_wrap container_wrap sidebar_right'  ><div class='container av-section-cont-open' ><div class='template-page content  av-content-small alpha units'><div class='post-entry post-entry-type-page post-entry-423'><div class='entry-content-wrapper clearfix'>\n","protected":false},"excerpt":{"rendered":"","protected":false},"author":2,"featured_media":0,"parent":0,"menu_order":0,"comment_status":"closed","ping_status":"closed","template":"","meta":{"_acf_changed":false,"footnotes":""},"folder":[],"class_list":["post-423","page","type-page","status-publish","hentry"],"acf":[],"yoast_head":"<!-- This site is optimized with the Yoast SEO plugin v27.3 - https:\/\/yoast.com\/product\/yoast-seo-wordpress\/ -->\n<title>Wir leben Menschlichkeit - Redel Stiftung<\/title>\n<meta name=\"description\" content=\"Die Redel Stiftung unterst\u00fctzt soziale Projekte transparent und effizient rund um die Welt.\" \/>\n<meta name=\"robots\" content=\"index, follow, max-snippet:-1, max-image-preview:large, max-video-preview:-1\" \/>\n<link rel=\"canonical\" href=\"https:\/\/www.redel-stiftung.com\/de\/kontakt\/\" \/>\n<meta property=\"og:locale\" content=\"de_DE\" \/>\n<meta property=\"og:type\" content=\"article\" \/>\n<meta property=\"og:title\" content=\"Wir leben Menschlichkeit - Redel Stiftung\" \/>\n<meta property=\"og:description\" content=\"Die Redel Stiftung unterst\u00fctzt soziale Projekte transparent und effizient rund um die Welt.\" \/>\n<meta property=\"og:url\" content=\"https:\/\/www.redel-stiftung.com\/de\/kontakt\/\" \/>\n<meta property=\"og:site_name\" content=\"Redel Stiftung\" \/>\n<meta property=\"article:modified_time\" content=\"2024-12-18T16:27:39+00:00\" \/>\n<meta name=\"twitter:card\" content=\"summary_large_image\" \/>\n<meta name=\"twitter:label1\" content=\"Gesch\u00e4tzte Lesezeit\" \/>\n\t<meta name=\"twitter:data1\" content=\"1\u00a0Minute\" \/>\n<script type=\"application\/ld+json\" class=\"yoast-schema-graph\">{\"@context\":\"https:\\\/\\\/schema.org\",\"@graph\":[{\"@type\":\"WebPage\",\"@id\":\"https:\\\/\\\/www.redel-stiftung.com\\\/de\\\/kontakt\\\/\",\"url\":\"https:\\\/\\\/www.redel-stiftung.com\\\/de\\\/kontakt\\\/\",\"name\":\"Wir leben Menschlichkeit - Redel Stiftung\",\"isPartOf\":{\"@id\":\"https:\\\/\\\/www.redel-stiftung.com\\\/de\\\/#website\"},\"datePublished\":\"2023-03-14T12:33:24+00:00\",\"dateModified\":\"2024-12-18T16:27:39+00:00\",\"description\":\"Die Redel Stiftung unterst\u00fctzt soziale Projekte transparent und effizient rund um die Welt.\",\"breadcrumb\":{\"@id\":\"https:\\\/\\\/www.redel-stiftung.com\\\/de\\\/kontakt\\\/#breadcrumb\"},\"inLanguage\":\"de\",\"potentialAction\":[{\"@type\":\"ReadAction\",\"target\":[\"https:\\\/\\\/www.redel-stiftung.com\\\/de\\\/kontakt\\\/\"]}]},{\"@type\":\"BreadcrumbList\",\"@id\":\"https:\\\/\\\/www.redel-stiftung.com\\\/de\\\/kontakt\\\/#breadcrumb\",\"itemListElement\":[{\"@type\":\"ListItem\",\"position\":1,\"name\":\"Startseite\",\"item\":\"https:\\\/\\\/www.redel-stiftung.com\\\/de\\\/startseite\\\/\"},{\"@type\":\"ListItem\",\"position\":2,\"name\":\"Kontakt\"}]},{\"@type\":\"WebSite\",\"@id\":\"https:\\\/\\\/www.redel-stiftung.com\\\/de\\\/#website\",\"url\":\"https:\\\/\\\/www.redel-stiftung.com\\\/de\\\/\",\"name\":\"Redel Stiftung\",\"description\":\"Menschlichkeit vor dem Hintergrund der Medizin\",\"potentialAction\":[{\"@type\":\"SearchAction\",\"target\":{\"@type\":\"EntryPoint\",\"urlTemplate\":\"https:\\\/\\\/www.redel-stiftung.com\\\/de\\\/?s={search_term_string}\"},\"query-input\":{\"@type\":\"PropertyValueSpecification\",\"valueRequired\":true,\"valueName\":\"search_term_string\"}}],\"inLanguage\":\"de\"}]}<\/script>\n<!-- \/ Yoast SEO plugin. -->","yoast_head_json":{"title":"Wir leben Menschlichkeit - Redel Stiftung","description":"Die Redel Stiftung unterst\u00fctzt soziale Projekte transparent und effizient rund um die Welt.","robots":{"index":"index","follow":"follow","max-snippet":"max-snippet:-1","max-image-preview":"max-image-preview:large","max-video-preview":"max-video-preview:-1"},"canonical":"https:\/\/www.redel-stiftung.com\/de\/kontakt\/","og_locale":"de_DE","og_type":"article","og_title":"Wir leben Menschlichkeit - Redel Stiftung","og_description":"Die Redel Stiftung unterst\u00fctzt soziale Projekte transparent und effizient rund um die Welt.","og_url":"https:\/\/www.redel-stiftung.com\/de\/kontakt\/","og_site_name":"Redel Stiftung","article_modified_time":"2024-12-18T16:27:39+00:00","twitter_card":"summary_large_image","twitter_misc":{"Gesch\u00e4tzte Lesezeit":"1\u00a0Minute"},"schema":{"@context":"https:\/\/schema.org","@graph":[{"@type":"WebPage","@id":"https:\/\/www.redel-stiftung.com\/de\/kontakt\/","url":"https:\/\/www.redel-stiftung.com\/de\/kontakt\/","name":"Wir leben Menschlichkeit - Redel Stiftung","isPartOf":{"@id":"https:\/\/www.redel-stiftung.com\/de\/#website"},"datePublished":"2023-03-14T12:33:24+00:00","dateModified":"2024-12-18T16:27:39+00:00","description":"Die Redel Stiftung unterst\u00fctzt soziale Projekte transparent und effizient rund um die Welt.","breadcrumb":{"@id":"https:\/\/www.redel-stiftung.com\/de\/kontakt\/#breadcrumb"},"inLanguage":"de","potentialAction":[{"@type":"ReadAction","target":["https:\/\/www.redel-stiftung.com\/de\/kontakt\/"]}]},{"@type":"BreadcrumbList","@id":"https:\/\/www.redel-stiftung.com\/de\/kontakt\/#breadcrumb","itemListElement":[{"@type":"ListItem","position":1,"name":"Startseite","item":"https:\/\/www.redel-stiftung.com\/de\/startseite\/"},{"@type":"ListItem","position":2,"name":"Kontakt"}]},{"@type":"WebSite","@id":"https:\/\/www.redel-stiftung.com\/de\/#website","url":"https:\/\/www.redel-stiftung.com\/de\/","name":"Redel Stiftung","description":"Menschlichkeit vor dem Hintergrund der Medizin","potentialAction":[{"@type":"SearchAction","target":{"@type":"EntryPoint","urlTemplate":"https:\/\/www.redel-stiftung.com\/de\/?s={search_term_string}"},"query-input":{"@type":"PropertyValueSpecification","valueRequired":true,"valueName":"search_term_string"}}],"inLanguage":"de"}]}},"_links":{"self":[{"href":"https:\/\/www.redel-stiftung.com\/de\/wp-json\/wp\/v2\/pages\/423","targetHints":{"allow":["GET"]}}],"collection":[{"href":"https:\/\/www.redel-stiftung.com\/de\/wp-json\/wp\/v2\/pages"}],"about":[{"href":"https:\/\/www.redel-stiftung.com\/de\/wp-json\/wp\/v2\/types\/page"}],"author":[{"embeddable":true,"href":"https:\/\/www.redel-stiftung.com\/de\/wp-json\/wp\/v2\/users\/2"}],"replies":[{"embeddable":true,"href":"https:\/\/www.redel-stiftung.com\/de\/wp-json\/wp\/v2\/comments?post=423"}],"version-history":[{"count":34,"href":"https:\/\/www.redel-stiftung.com\/de\/wp-json\/wp\/v2\/pages\/423\/revisions"}],"predecessor-version":[{"id":7043,"href":"https:\/\/www.redel-stiftung.com\/de\/wp-json\/wp\/v2\/pages\/423\/revisions\/7043"}],"wp:attachment":[{"href":"https:\/\/www.redel-stiftung.com\/de\/wp-json\/wp\/v2\/media?parent=423"}],"wp:term":[{"taxonomy":"folder","embeddable":true,"href":"https:\/\/www.redel-stiftung.com\/de\/wp-json\/wp\/v2\/folder?post=423"}],"curies":[{"name":"wp","href":"https:\/\/api.w.org\/{rel}","templated":true}]}}